{"id":102,"date":"2022-01-26T11:13:27","date_gmt":"2022-01-26T11:13:27","guid":{"rendered":"https:\/\/www.insectosmadera.com\/?page_id=102"},"modified":"2022-07-06T09:34:26","modified_gmt":"2022-07-06T09:34:26","slug":"termitas","status":"publish","type":"page","link":"https:\/\/www.insectosmadera.com\/?page_id=102","title":{"rendered":"Termitas"},"content":{"rendered":"\t\t<div data-elementor-type=\"wp-page\" data-elementor-id=\"102\" class=\"elementor elementor-102\">\n\t\t\t\t\t\t<section class=\"elementor-section elementor-top-section elementor-element elementor-element-93dd96b elementor-section-boxed elementor-section-height-default elementor-section-height-default\" data-id=\"93dd96b\" data-element_type=\"section\" data-e-type=\"section\">\n\t\t\t\t\t\t<div class=\"elementor-container elementor-column-gap-default\">\n\t\t\t\t\t<div class=\"elementor-column elementor-col-100 elementor-top-column elementor-element elementor-element-4381c8b\" data-id=\"4381c8b\" data-element_type=\"column\" data-e-type=\"column\">\n\t\t\t<div class=\"elementor-widget-wrap elementor-element-populated\">\n\t\t\t\t\t\t<div class=\"elementor-element elementor-element-a1d28ee elementor-widget elementor-widget-image\" data-id=\"a1d28ee\" data-element_type=\"widget\" data-e-type=\"widget\" data-widget_type=\"image.default\">\n\t\t\t\t<div class=\"elementor-widget-container\">\n\t\t\t\t\t\t\t\t\t\t\t\t\t\t\t<img fetchpriority=\"high\" decoding=\"async\" width=\"770\" height=\"360\" src=\"https:\/\/www.insectosmadera.com\/wp-content\/uploads\/2022\/01\/termitas-comiendo-madera.jpg\" class=\"attachment-large size-large wp-image-105\" alt=\"\" srcset=\"https:\/\/www.insectosmadera.com\/wp-content\/uploads\/2022\/01\/termitas-comiendo-madera.jpg 770w, https:\/\/www.insectosmadera.com\/wp-content\/uploads\/2022\/01\/termitas-comiendo-madera-300x140.jpg 300w, https:\/\/www.insectosmadera.com\/wp-content\/uploads\/2022\/01\/termitas-comiendo-madera-768x359.jpg 768w\" sizes=\"(max-width: 770px) 100vw, 770px\" \/>\t\t\t\t\t\t\t\t\t\t\t\t\t\t\t<\/div>\n\t\t\t\t<\/div>\n\t\t\t\t\t<\/div>\n\t\t<\/div>\n\t\t\t\t\t<\/div>\n\t\t<\/section>\n\t\t\t\t<section class=\"elementor-section elementor-top-section elementor-element elementor-element-7c08d70 elementor-section-boxed elementor-section-height-default elementor-section-height-default\" data-id=\"7c08d70\" data-element_type=\"section\" data-e-type=\"section\">\n\t\t\t\t\t\t<div class=\"elementor-container elementor-column-gap-default\">\n\t\t\t\t\t<div class=\"elementor-column elementor-col-100 elementor-top-column elementor-element elementor-element-566fa29\" data-id=\"566fa29\" data-element_type=\"column\" data-e-type=\"column\">\n\t\t\t<div class=\"elementor-widget-wrap elementor-element-populated\">\n\t\t\t\t\t\t<div class=\"elementor-element elementor-element-a98ecb0 elementor-widget elementor-widget-text-editor\" data-id=\"a98ecb0\" data-element_type=\"widget\" data-e-type=\"widget\" data-widget_type=\"text-editor.default\">\n\t\t\t\t<div class=\"elementor-widget-container\">\n\t\t\t\t\t\t\t\t\t<p><strong>M\u00c9TODOS DE CONTROL<\/strong><\/p><p>Se llama termitas al grupo de insecto que comen celulosa , cuyo sistema social muestra muchas coincidencias con el de las abejas pero con evoluciones distintas El insecto que mas se le parece es la cucaracha.<\/p><p>Fases:<\/p><p>a) An\u00e1lisis: Se hace una radiograf\u00eda de los puntos donde se tiene actividad las termitas en el interior y exterior de la vivienda.<\/p><p>b) Colocaci\u00f3n de cebos\/ Fase de Intercepci\u00f3n: Una vez colocados los cebos se se procede a la conexi\u00f3n de la colonia con los mismo.<\/p><p>Imagen: Proceso de intercepci\u00f3n.<\/p><p>c) Una vez conecta la colonia con nuestros cebos, procedemos a la fase de eliminaci\u00f3n, que suele durar unos 6 meses.<\/p><p>d) Seguimiento: Se hace una vigilancia posterior para verificar que la colonia est\u00e1 controlada.<\/p><p><strong>SISTEMA DE CONTROL QU\u00cdMICO TRADICIONAL<\/strong><\/p><p>Se coloca una barrera qu\u00edmica de exclusi\u00f3n mediante la inyecci\u00f3n de biocida en las paredes maestras de la vivienda.<\/p><p>Fases:<\/p><p>a) Inspecci\u00f3n Previa: Estudio de caracter\u00edsticas similares al anterior.<\/p><p>b) Tratamiento : Se realiza por el m\u00e9todo de inyecci\u00f3n de biocida en las zonas afectada por el ataque y \u00e1rea de influencia.<\/p><p>c) Seguimiento: Generalmente se realizar despu\u00e9s de un a\u00f1o y nos permite conocer la efectividad del tratamiento.<\/p>\t\t\t\t\t\t\t\t<\/div>\n\t\t\t\t<\/div>\n\t\t\t\t\t<\/div>\n\t\t<\/div>\n\t\t\t\t\t<\/div>\n\t\t<\/section>\n\t\t\t\t<section class=\"elementor-section elementor-top-section elementor-element elementor-element-e1f33cf elementor-section-boxed elementor-section-height-default elementor-section-height-default\" data-id=\"e1f33cf\" data-element_type=\"section\" data-e-type=\"section\">\n\t\t\t\t\t\t<div class=\"elementor-container elementor-column-gap-default\">\n\t\t\t\t\t<div class=\"elementor-column elementor-col-100 elementor-top-column elementor-element elementor-element-dbce59a\" data-id=\"dbce59a\" data-element_type=\"column\" data-e-type=\"column\">\n\t\t\t<div class=\"elementor-widget-wrap elementor-element-populated\">\n\t\t\t\t\t\t<div class=\"elementor-element elementor-element-bf6e610 elementor-widget elementor-widget-button\" data-id=\"bf6e610\" data-element_type=\"widget\" data-e-type=\"widget\" data-widget_type=\"button.default\">\n\t\t\t\t<div class=\"elementor-widget-container\">\n\t\t\t\t\t\t\t\t\t<div class=\"elementor-button-wrapper\">\n\t\t\t\t\t<a class=\"elementor-button elementor-button-link elementor-size-xl\" href=\"https:\/\/www.insectosmadera.com\/?page_id=121\">\n\t\t\t\t\t\t<span class=\"elementor-button-content-wrapper\">\n\t\t\t\t\t\t\t\t\t<span class=\"elementor-button-text\">PIDENOS PRESUPUESTO<\/span>\n\t\t\t\t\t<\/span>\n\t\t\t\t\t<\/a>\n\t\t\t\t<\/div>\n\t\t\t\t\t\t\t\t<\/div>\n\t\t\t\t<\/div>\n\t\t\t\t\t<\/div>\n\t\t<\/div>\n\t\t\t\t\t<\/div>\n\t\t<\/section>\n\t\t\t\t<\/div>\n\t\t","protected":false},"excerpt":{"rendered":"<p>M\u00c9TODOS DE CONTROL Se llama termitas al grupo de insecto que comen celulosa , cuyo sistema social muestra muchas coincidencias con el de las abejas pero con evoluciones distintas El insecto que mas se le parece es la cucaracha. Fases: a) An\u00e1lisis: Se hace una radiograf\u00eda de los puntos donde se tiene actividad las termitas [&hellip;]<\/p>\n","protected":false},"author":1,"featured_media":0,"parent":0,"menu_order":0,"comment_status":"closed","ping_status":"closed","template":"","meta":{"footnotes":""},"class_list":["post-102","page","type-page","status-publish","hentry"],"yoast_head":"<!-- This site is optimized with the Yoast SEO plugin v27.3 - https:\/\/yoast.com\/product\/yoast-seo-wordpress\/ -->\n<title>Termitas - www.Insectosmadera.com<\/title>\n<meta name=\"robots\" content=\"index, follow, max-snippet:-1, max-image-preview:large, max-video-preview:-1\" \/>\n<link rel=\"canonical\" href=\"https:\/\/www.insectosmadera.com\/?page_id=102\" \/>\n<meta property=\"og:locale\" content=\"es_ES\" \/>\n<meta property=\"og:type\" content=\"article\" \/>\n<meta property=\"og:title\" content=\"Termitas - www.Insectosmadera.com\" \/>\n<meta property=\"og:description\" content=\"M\u00c9TODOS DE CONTROL Se llama termitas al grupo de insecto que comen celulosa , cuyo sistema social muestra muchas coincidencias con el de las abejas pero con evoluciones distintas El insecto que mas se le parece es la cucaracha. Fases: a) An\u00e1lisis: Se hace una radiograf\u00eda de los puntos donde se tiene actividad las termitas [&hellip;]\" \/>\n<meta property=\"og:url\" content=\"https:\/\/www.insectosmadera.com\/?page_id=102\" \/>\n<meta property=\"og:site_name\" content=\"www.Insectosmadera.com\" \/>\n<meta property=\"article:modified_time\" content=\"2022-07-06T09:34:26+00:00\" \/>\n<meta property=\"og:image\" content=\"https:\/\/www.insectosmadera.com\/wp-content\/uploads\/2022\/01\/termitas-comiendo-madera.jpg\" \/>\n<meta name=\"twitter:card\" content=\"summary_large_image\" \/>\n<meta name=\"twitter:label1\" content=\"Tiempo de lectura\" \/>\n\t<meta name=\"twitter:data1\" content=\"1 minuto\" \/>\n<script type=\"application\/ld+json\" class=\"yoast-schema-graph\">{\"@context\":\"https:\\\/\\\/schema.org\",\"@graph\":[{\"@type\":\"WebPage\",\"@id\":\"https:\\\/\\\/www.insectosmadera.com\\\/?page_id=102\",\"url\":\"https:\\\/\\\/www.insectosmadera.com\\\/?page_id=102\",\"name\":\"Termitas - www.Insectosmadera.com\",\"isPartOf\":{\"@id\":\"https:\\\/\\\/www.insectosmadera.com\\\/#website\"},\"primaryImageOfPage\":{\"@id\":\"https:\\\/\\\/www.insectosmadera.com\\\/?page_id=102#primaryimage\"},\"image\":{\"@id\":\"https:\\\/\\\/www.insectosmadera.com\\\/?page_id=102#primaryimage\"},\"thumbnailUrl\":\"https:\\\/\\\/www.insectosmadera.com\\\/wp-content\\\/uploads\\\/2022\\\/01\\\/termitas-comiendo-madera.jpg\",\"datePublished\":\"2022-01-26T11:13:27+00:00\",\"dateModified\":\"2022-07-06T09:34:26+00:00\",\"breadcrumb\":{\"@id\":\"https:\\\/\\\/www.insectosmadera.com\\\/?page_id=102#breadcrumb\"},\"inLanguage\":\"es\",\"potentialAction\":[{\"@type\":\"ReadAction\",\"target\":[\"https:\\\/\\\/www.insectosmadera.com\\\/?page_id=102\"]}]},{\"@type\":\"ImageObject\",\"inLanguage\":\"es\",\"@id\":\"https:\\\/\\\/www.insectosmadera.com\\\/?page_id=102#primaryimage\",\"url\":\"https:\\\/\\\/www.insectosmadera.com\\\/wp-content\\\/uploads\\\/2022\\\/01\\\/termitas-comiendo-madera.jpg\",\"contentUrl\":\"https:\\\/\\\/www.insectosmadera.com\\\/wp-content\\\/uploads\\\/2022\\\/01\\\/termitas-comiendo-madera.jpg\",\"width\":770,\"height\":360,\"caption\":\"Housefly crawl and suck mango juice\"},{\"@type\":\"BreadcrumbList\",\"@id\":\"https:\\\/\\\/www.insectosmadera.com\\\/?page_id=102#breadcrumb\",\"itemListElement\":[{\"@type\":\"ListItem\",\"position\":1,\"name\":\"Portada\",\"item\":\"https:\\\/\\\/www.insectosmadera.com\\\/\"},{\"@type\":\"ListItem\",\"position\":2,\"name\":\"Termitas\"}]},{\"@type\":\"WebSite\",\"@id\":\"https:\\\/\\\/www.insectosmadera.com\\\/#website\",\"url\":\"https:\\\/\\\/www.insectosmadera.com\\\/\",\"name\":\"www.Insectosmadera.com\",\"description\":\"Eliminar Termitas y Carcomas de la madera\",\"publisher\":{\"@id\":\"https:\\\/\\\/www.insectosmadera.com\\\/#organization\"},\"potentialAction\":[{\"@type\":\"SearchAction\",\"target\":{\"@type\":\"EntryPoint\",\"urlTemplate\":\"https:\\\/\\\/www.insectosmadera.com\\\/?s={search_term_string}\"},\"query-input\":{\"@type\":\"PropertyValueSpecification\",\"valueRequired\":true,\"valueName\":\"search_term_string\"}}],\"inLanguage\":\"es\"},{\"@type\":\"Organization\",\"@id\":\"https:\\\/\\\/www.insectosmadera.com\\\/#organization\",\"name\":\"Radan Desintec.\",\"url\":\"https:\\\/\\\/www.insectosmadera.com\\\/\",\"logo\":{\"@type\":\"ImageObject\",\"inLanguage\":\"es\",\"@id\":\"https:\\\/\\\/www.insectosmadera.com\\\/#\\\/schema\\\/logo\\\/image\\\/\",\"url\":\"https:\\\/\\\/www.insectosmadera.com\\\/wp-content\\\/uploads\\\/2022\\\/04\\\/Radan-nou-logo-2016-x-150-x-150.jpg\",\"contentUrl\":\"https:\\\/\\\/www.insectosmadera.com\\\/wp-content\\\/uploads\\\/2022\\\/04\\\/Radan-nou-logo-2016-x-150-x-150.jpg\",\"width\":150,\"height\":150,\"caption\":\"Radan Desintec.\"},\"image\":{\"@id\":\"https:\\\/\\\/www.insectosmadera.com\\\/#\\\/schema\\\/logo\\\/image\\\/\"}}]}<\/script>\n<!-- \/ Yoast SEO plugin. -->","yoast_head_json":{"title":"Termitas - www.Insectosmadera.com","robots":{"index":"index","follow":"follow","max-snippet":"max-snippet:-1","max-image-preview":"max-image-preview:large","max-video-preview":"max-video-preview:-1"},"canonical":"https:\/\/www.insectosmadera.com\/?page_id=102","og_locale":"es_ES","og_type":"article","og_title":"Termitas - www.Insectosmadera.com","og_description":"M\u00c9TODOS DE CONTROL Se llama termitas al grupo de insecto que comen celulosa , cuyo sistema social muestra muchas coincidencias con el de las abejas pero con evoluciones distintas El insecto que mas se le parece es la cucaracha. Fases: a) An\u00e1lisis: Se hace una radiograf\u00eda de los puntos donde se tiene actividad las termitas [&hellip;]","og_url":"https:\/\/www.insectosmadera.com\/?page_id=102","og_site_name":"www.Insectosmadera.com","article_modified_time":"2022-07-06T09:34:26+00:00","og_image":[{"url":"https:\/\/www.insectosmadera.com\/wp-content\/uploads\/2022\/01\/termitas-comiendo-madera.jpg","type":"","width":"","height":""}],"twitter_card":"summary_large_image","twitter_misc":{"Tiempo de lectura":"1 minuto"},"schema":{"@context":"https:\/\/schema.org","@graph":[{"@type":"WebPage","@id":"https:\/\/www.insectosmadera.com\/?page_id=102","url":"https:\/\/www.insectosmadera.com\/?page_id=102","name":"Termitas - www.Insectosmadera.com","isPartOf":{"@id":"https:\/\/www.insectosmadera.com\/#website"},"primaryImageOfPage":{"@id":"https:\/\/www.insectosmadera.com\/?page_id=102#primaryimage"},"image":{"@id":"https:\/\/www.insectosmadera.com\/?page_id=102#primaryimage"},"thumbnailUrl":"https:\/\/www.insectosmadera.com\/wp-content\/uploads\/2022\/01\/termitas-comiendo-madera.jpg","datePublished":"2022-01-26T11:13:27+00:00","dateModified":"2022-07-06T09:34:26+00:00","breadcrumb":{"@id":"https:\/\/www.insectosmadera.com\/?page_id=102#breadcrumb"},"inLanguage":"es","potentialAction":[{"@type":"ReadAction","target":["https:\/\/www.insectosmadera.com\/?page_id=102"]}]},{"@type":"ImageObject","inLanguage":"es","@id":"https:\/\/www.insectosmadera.com\/?page_id=102#primaryimage","url":"https:\/\/www.insectosmadera.com\/wp-content\/uploads\/2022\/01\/termitas-comiendo-madera.jpg","contentUrl":"https:\/\/www.insectosmadera.com\/wp-content\/uploads\/2022\/01\/termitas-comiendo-madera.jpg","width":770,"height":360,"caption":"Housefly crawl and suck mango juice"},{"@type":"BreadcrumbList","@id":"https:\/\/www.insectosmadera.com\/?page_id=102#breadcrumb","itemListElement":[{"@type":"ListItem","position":1,"name":"Portada","item":"https:\/\/www.insectosmadera.com\/"},{"@type":"ListItem","position":2,"name":"Termitas"}]},{"@type":"WebSite","@id":"https:\/\/www.insectosmadera.com\/#website","url":"https:\/\/www.insectosmadera.com\/","name":"www.Insectosmadera.com","description":"Eliminar Termitas y Carcomas de la madera","publisher":{"@id":"https:\/\/www.insectosmadera.com\/#organization"},"potentialAction":[{"@type":"SearchAction","target":{"@type":"EntryPoint","urlTemplate":"https:\/\/www.insectosmadera.com\/?s={search_term_string}"},"query-input":{"@type":"PropertyValueSpecification","valueRequired":true,"valueName":"search_term_string"}}],"inLanguage":"es"},{"@type":"Organization","@id":"https:\/\/www.insectosmadera.com\/#organization","name":"Radan Desintec.","url":"https:\/\/www.insectosmadera.com\/","logo":{"@type":"ImageObject","inLanguage":"es","@id":"https:\/\/www.insectosmadera.com\/#\/schema\/logo\/image\/","url":"https:\/\/www.insectosmadera.com\/wp-content\/uploads\/2022\/04\/Radan-nou-logo-2016-x-150-x-150.jpg","contentUrl":"https:\/\/www.insectosmadera.com\/wp-content\/uploads\/2022\/04\/Radan-nou-logo-2016-x-150-x-150.jpg","width":150,"height":150,"caption":"Radan Desintec."},"image":{"@id":"https:\/\/www.insectosmadera.com\/#\/schema\/logo\/image\/"}}]}},"_links":{"self":[{"href":"https:\/\/www.insectosmadera.com\/index.php?rest_route=\/wp\/v2\/pages\/102","targetHints":{"allow":["GET"]}}],"collection":[{"href":"https:\/\/www.insectosmadera.com\/index.php?rest_route=\/wp\/v2\/pages"}],"about":[{"href":"https:\/\/www.insectosmadera.com\/index.php?rest_route=\/wp\/v2\/types\/page"}],"author":[{"embeddable":true,"href":"https:\/\/www.insectosmadera.com\/index.php?rest_route=\/wp\/v2\/users\/1"}],"replies":[{"embeddable":true,"href":"https:\/\/www.insectosmadera.com\/index.php?rest_route=%2Fwp%2Fv2%2Fcomments&post=102"}],"version-history":[{"count":14,"href":"https:\/\/www.insectosmadera.com\/index.php?rest_route=\/wp\/v2\/pages\/102\/revisions"}],"predecessor-version":[{"id":308,"href":"https:\/\/www.insectosmadera.com\/index.php?rest_route=\/wp\/v2\/pages\/102\/revisions\/308"}],"wp:attachment":[{"href":"https:\/\/www.insectosmadera.com\/index.php?rest_route=%2Fwp%2Fv2%2Fmedia&parent=102"}],"curies":[{"name":"wp","href":"https:\/\/api.w.org\/{rel}","templated":true}]}}