{"id":109,"date":"2022-01-26T11:15:16","date_gmt":"2022-01-26T11:15:16","guid":{"rendered":"https:\/\/www.insectosmadera.com\/?page_id=109"},"modified":"2023-08-28T13:19:17","modified_gmt":"2023-08-28T13:19:17","slug":"hongos-de-pudricion","status":"publish","type":"page","link":"https:\/\/www.insectosmadera.com\/?page_id=109","title":{"rendered":"Los Hongos"},"content":{"rendered":"\t\t<div data-elementor-type=\"wp-page\" data-elementor-id=\"109\" class=\"elementor elementor-109\">\n\t\t\t\t\t\t<section class=\"elementor-section elementor-top-section elementor-element elementor-element-1ef430e elementor-section-boxed elementor-section-height-default elementor-section-height-default\" data-id=\"1ef430e\" data-element_type=\"section\" data-e-type=\"section\">\n\t\t\t\t\t\t<div class=\"elementor-container elementor-column-gap-default\">\n\t\t\t\t\t<div class=\"elementor-column elementor-col-100 elementor-top-column elementor-element elementor-element-9ca96c6\" data-id=\"9ca96c6\" data-element_type=\"column\" data-e-type=\"column\">\n\t\t\t<div class=\"elementor-widget-wrap elementor-element-populated\">\n\t\t\t\t\t\t<div class=\"elementor-element elementor-element-a819fc5 elementor-widget elementor-widget-image\" data-id=\"a819fc5\" data-element_type=\"widget\" data-e-type=\"widget\" data-widget_type=\"image.default\">\n\t\t\t\t<div class=\"elementor-widget-container\">\n\t\t\t\t\t\t\t\t\t\t\t\t<figure class=\"wp-caption\">\n\t\t\t\t\t\t\t\t\t\t<img fetchpriority=\"high\" decoding=\"async\" width=\"669\" height=\"446\" src=\"https:\/\/www.insectosmadera.com\/wp-content\/uploads\/2022\/01\/hongos-madera-y-pudricion.jpg\" class=\"attachment-large size-large wp-image-111\" alt=\"\" srcset=\"https:\/\/www.insectosmadera.com\/wp-content\/uploads\/2022\/01\/hongos-madera-y-pudricion.jpg 669w, https:\/\/www.insectosmadera.com\/wp-content\/uploads\/2022\/01\/hongos-madera-y-pudricion-300x200.jpg 300w, https:\/\/www.insectosmadera.com\/wp-content\/uploads\/2022\/01\/hongos-madera-y-pudricion-666x444.jpg 666w\" sizes=\"(max-width: 669px) 100vw, 669px\" \/>\t\t\t\t\t\t\t\t\t\t\t<figcaption class=\"widget-image-caption wp-caption-text\">Exceso de humedad en la madera <\/figcaption>\n\t\t\t\t\t\t\t\t\t\t<\/figure>\n\t\t\t\t\t\t\t\t\t<\/div>\n\t\t\t\t<\/div>\n\t\t\t\t\t<\/div>\n\t\t<\/div>\n\t\t\t\t\t<\/div>\n\t\t<\/section>\n\t\t\t\t<section class=\"elementor-section elementor-top-section elementor-element elementor-element-f8e810e elementor-section-boxed elementor-section-height-default elementor-section-height-default\" data-id=\"f8e810e\" data-element_type=\"section\" data-e-type=\"section\">\n\t\t\t\t\t\t<div class=\"elementor-container elementor-column-gap-default\">\n\t\t\t\t\t<div class=\"elementor-column elementor-col-100 elementor-top-column elementor-element elementor-element-df88fd8\" data-id=\"df88fd8\" data-element_type=\"column\" data-e-type=\"column\">\n\t\t\t<div class=\"elementor-widget-wrap elementor-element-populated\">\n\t\t\t\t\t\t<div class=\"elementor-element elementor-element-dc16fff elementor-widget elementor-widget-text-editor\" data-id=\"dc16fff\" data-element_type=\"widget\" data-e-type=\"widget\" data-widget_type=\"text-editor.default\">\n\t\t\t\t<div class=\"elementor-widget-container\">\n\t\t\t\t\t\t\t\t\t<p>Los hongos crom\u00f3genos de pudrici\u00f3n presentan una amenaza significativa para la integridad de las estructuras de madera debido a su capacidad para descomponer los componentes clave de este material.<br \/>Comprender los diferentes tipos de pudrici\u00f3n y aplicar medidas preventivas adecuadas son fundamentales para conservar y proteger las estructuras construidas con madera.<\/p><p>Tipos de pudrici\u00f3n:<\/p><p>a. Pudrici\u00f3n parda: Este tipo de hongo se enfoca en descomponer la celulosa, dejando la lignina relativamente intacta. Como resultado, la madera pierde su resistencia y solidez, lo que puede debilitar las estructuras construidas con este material.<\/p><p>b. Pudrici\u00f3n blanca: Estos hongos atacan tanto la lignina como la celulosa en la madera. Aunque la lignina es su principal fuente de alimento, tambi\u00e9n afectan la celulosa de manera secundaria. La descomposici\u00f3n resultante puede comprometer la durabilidad y la integridad estructural de la madera.<\/p><p>c. Pudrici\u00f3n blanda: Este tipo de pudrici\u00f3n afecta principalmente a la celulosa, especialmente en entornos h\u00famedos. Los hongos crom\u00f3genos de pudrici\u00f3n blanda pueden prosperar en condiciones de alta humedad, debilitando la celulosa y reduciendo la resistencia de la madera con el tiempo.<\/p><p>La presencia de humedad favorece el crecimiento de estos hongos, lo que hace que el control de la humedad sea una medida esencial para prevenir su proliferaci\u00f3n.<\/p><p>La aplicaci\u00f3n de tratamientos protectores a la madera y la eliminaci\u00f3n de fuentes de humedad son estrategias clave para prevenir y mitigar los efectos de la pudrici\u00f3n causada por estos hongos.<br \/>Estas acciones son esenciales para garantizar la durabilidad y la seguridad de las estructuras de madera a lo largo del tiempo.<\/p>\t\t\t\t\t\t\t\t<\/div>\n\t\t\t\t<\/div>\n\t\t\t\t\t<\/div>\n\t\t<\/div>\n\t\t\t\t\t<\/div>\n\t\t<\/section>\n\t\t\t\t<section class=\"elementor-section elementor-top-section elementor-element elementor-element-1f57119 elementor-section-boxed elementor-section-height-default elementor-section-height-default\" data-id=\"1f57119\" data-element_type=\"section\" data-e-type=\"section\" data-settings=\"{&quot;shape_divider_top&quot;:&quot;drops&quot;}\">\n\t\t\t\t\t<div class=\"elementor-shape elementor-shape-top\" aria-hidden=\"true\" data-negative=\"false\">\n\t\t\t<svg xmlns=\"http:\/\/www.w3.org\/2000\/svg\" height=\"100%\" viewBox=\"0 0 283.5 27.8\" preserveAspectRatio=\"xMidYMax slice\">\n\t<path class=\"elementor-shape-fill\" d=\"M0 0v1.4c.6.7 1.1 1.4 1.4 2 2 3.8 2.2 6.6 1.8 10.8-.3 3.3-2.4 9.4 0 12.3 1.7 2 3.7 1.4 4.6-.9 1.4-3.8-.7-8.2-.6-12 .1-3.7 3.2-5.5 6.9-4.9 4 .6 4.8 4 4.9 7.4.1 1.8-1.1 7 0 8.5.6.8 1.6 1.2 2.4.5 1.4-1.1.1-5.4.1-6.9.1-3.7.3-8.6 4.1-10.5 5-2.5 6.2 1.6 5.4 5.6-.4 1.7-1 9.2 2.9 6.3 1.5-1.1.7-3.5.5-4.9-.4-2.4-.4-4.3 1-6.5.9-1.4 2.4-3.1 4.2-3 2.4.1 2.7 2.2 4 3.7 1.5 1.8 1.8 2.2 3 .1 1.1-1.9 1.2-2.8 3.6-3.3 1.3-.3 4.8-1.4 5.9-.5 1.5 1.1.6 2.8.4 4.3-.2 1.1-.6 4 1.8 3.4 1.7-.4-.3-4.1.6-5.6 1.3-2.2 5.8-1.4 7 .5 1.3 2.1.5 5.8.1 8.1s-1.2 5-.6 7.4c1.3 5.1 4.4.9 4.3-2.4-.1-4.4-2-8.8-.5-13 .9-2.4 4.6-6.6 7.7-4.5 2.7 1.8.5 7.8.2 10.3-.2 1.7-.8 4.6.2 6.2.9 1.4 2 1.5 2.6-.3.5-1.5-.9-4.5-1-6.1-.2-1.7-.4-3.7.2-5.4 1.8-5.6 3.5 2.4 6.3.6 1.4-.9 4.3-9.4 6.1-3.1.6 2.2-1.3 7.8.7 8.9 4.2 2.3 1.5-7.1 2.2-8 3.1-4 4.7 3.8 6.1 4.1 3.1.7 2.8-7.9 8.1-4.5 1.7 1.1 2.9 3.3 3.2 5.2.4 2.2-1 4.5-.6 6.6 1 4.3 4.4 1.5 4.4-1.7 0-2.7-3-8.3 1.4-9.1 4.4-.9 7.3 3.5 7.8 6.9.3 2-1.5 10.9 1.3 11.3 4.1.6-3.2-15.7 4.8-15.8 4.7-.1 2.8 4.1 3.9 6.6 1 2.4 2.1 1 2.3-.8.3-1.9-.9-3.2 1.3-4.3 5.9-2.9 5.9 5.4 5.5 8.5-.3 2-1.7 8.4 2 8.1 6.9-.5-2.8-16.9 4.8-18.7 4.7-1.2 6.1 3.6 6.3 7.1.1 1.7-1.2 8.1.6 9.1 3.5 2 1.9-7 2-8.4.2-4 1.2-9.6 6.4-9.8 4.7-.2 3.2 4.6 2.7 7.5-.4 2.2 1.3 8.6 3.8 4.4 1.1-1.9-.3-4.1-.3-6 0-1.7.4-3.2 1.3-4.6 1-1.6 2.9-3.5 5.1-2.9 2.5.6 2.3 4.1 4.1 4.9 1.9.8 1.6-.9 2.3-2.1 1.2-2.1 2.1-2.1 4.4-2.4 1.4-.2 3.6-1.5 4.9-.5 2.3 1.7-.7 4.4.1 6.5.6 1.5 2.1 1.7 2.8.3.7-1.4-1.1-3.4-.3-4.8 1.4-2.5 6.2-1.2 7.2 1 2.3 4.8-3.3 12-.2 16.3 3 4.1 3.9-2.8 3.8-4.8-.4-4.3-2.1-8.9 0-13.1 1.3-2.5 5.9-5.7 7.9-2.4 2 3.2-1.3 9.8-.8 13.4.5 4.4 3.5 3.3 2.7-.8-.4-1.9-2.4-10 .6-11.1 3.7-1.4 2.8 7.2 6.5.4 2.2-4.1 4.9-3.1 5.2 1.2.1 1.5-.6 3.1-.4 4.6.2 1.9 1.8 3.7 3.3 1.3 1-1.6-2.6-10.4 2.9-7.3 2.6 1.5 1.6 6.5 4.8 2.7 1.3-1.5 1.7-3.6 4-3.7 2.2-.1 4 2.3 4.8 4.1 1.3 2.9-1.5 8.4.9 10.3 4.2 3.3 3-5.5 2.7-6.9-.6-3.9 1-7.2 5.5-5 4.1 2.1 4.3 7.7 4.1 11.6 0 .8-.6 9.5 2.5 5.2 1.2-1.7-.1-7.7.1-9.6.3-2.9 1.2-5.5 4.3-6.2 4.5-1 7.7 1.5 7.4 5.8-.2 3.5-1.8 7.7-.5 11.1 1 2.7 3.6 2.8 5 .2 1.6-3.1 0-8.3-.4-11.6-.4-4.2-.2-7 1.8-10.8 0 0-.1.1-.1.2-.2.4-.3.7-.4.8v.1c-.1.2-.1.2 0 0v-.1l.4-.8c0-.1.1-.1.1-.2.2-.4.5-.8.8-1.2V0H0zM282.7 3.4z\"\/>\n<\/svg>\t\t<\/div>\n\t\t\t\t\t<div class=\"elementor-container elementor-column-gap-default\">\n\t\t\t\t\t<div class=\"elementor-column elementor-col-100 elementor-top-column elementor-element elementor-element-b1cbdc4 elementor-invisible\" data-id=\"b1cbdc4\" data-element_type=\"column\" data-e-type=\"column\" data-settings=\"{&quot;background_background&quot;:&quot;classic&quot;,&quot;animation&quot;:&quot;fadeInLeft&quot;}\">\n\t\t\t<div class=\"elementor-widget-wrap elementor-element-populated\">\n\t\t\t\t\t\t<div class=\"elementor-element elementor-element-55c785f elementor-widget elementor-widget-button\" data-id=\"55c785f\" data-element_type=\"widget\" data-e-type=\"widget\" data-widget_type=\"button.default\">\n\t\t\t\t<div class=\"elementor-widget-container\">\n\t\t\t\t\t\t\t\t\t<div class=\"elementor-button-wrapper\">\n\t\t\t\t\t<a class=\"elementor-button elementor-button-link elementor-size-xl\" href=\"https:\/\/www.insectosmadera.com\/?page_id=121\">\n\t\t\t\t\t\t<span class=\"elementor-button-content-wrapper\">\n\t\t\t\t\t\t<span class=\"elementor-button-icon\">\n\t\t\t\t<i aria-hidden=\"true\" class=\"fas fa-info-circle\"><\/i>\t\t\t<\/span>\n\t\t\t\t\t\t\t\t\t<span class=\"elementor-button-text\">SOLICITE INFORMACION  <\/span>\n\t\t\t\t\t<\/span>\n\t\t\t\t\t<\/a>\n\t\t\t\t<\/div>\n\t\t\t\t\t\t\t\t<\/div>\n\t\t\t\t<\/div>\n\t\t\t\t\t<\/div>\n\t\t<\/div>\n\t\t\t\t\t<\/div>\n\t\t<\/section>\n\t\t\t\t<\/div>\n\t\t","protected":false},"excerpt":{"rendered":"<p>Exceso de humedad en la madera Los hongos crom\u00f3genos de pudrici\u00f3n presentan una amenaza significativa para la integridad de las estructuras de madera debido a su capacidad para descomponer los componentes clave de este material.Comprender los diferentes tipos de pudrici\u00f3n y aplicar medidas preventivas adecuadas son fundamentales para conservar y proteger las estructuras construidas con [&hellip;]<\/p>\n","protected":false},"author":1,"featured_media":0,"parent":0,"menu_order":0,"comment_status":"closed","ping_status":"closed","template":"","meta":{"footnotes":""},"class_list":["post-109","page","type-page","status-publish","hentry"],"yoast_head":"<!-- This site is optimized with the Yoast SEO plugin v27.4 - https:\/\/yoast.com\/product\/yoast-seo-wordpress\/ -->\n<title>Los Hongos - www.Insectosmadera.com<\/title>\n<meta name=\"description\" content=\"Los hongos de pudrici\u00f3n son aquellos que atacan la pared celular de la madera provocando la rotura y descomposici\u00f3n, se alimentan de la celulosa que hay en la madera.\" \/>\n<meta name=\"robots\" content=\"index, follow, max-snippet:-1, max-image-preview:large, max-video-preview:-1\" \/>\n<link rel=\"canonical\" href=\"https:\/\/www.insectosmadera.com\/?page_id=109\" \/>\n<meta property=\"og:locale\" content=\"es_ES\" \/>\n<meta property=\"og:type\" content=\"article\" \/>\n<meta property=\"og:title\" content=\"Los Hongos - www.Insectosmadera.com\" \/>\n<meta property=\"og:description\" content=\"Los hongos de pudrici\u00f3n son aquellos que atacan la pared celular de la madera provocando la rotura y descomposici\u00f3n, se alimentan de la celulosa que hay en la madera.\" \/>\n<meta property=\"og:url\" content=\"https:\/\/www.insectosmadera.com\/?page_id=109\" \/>\n<meta property=\"og:site_name\" content=\"www.Insectosmadera.com\" \/>\n<meta property=\"article:modified_time\" content=\"2023-08-28T13:19:17+00:00\" \/>\n<meta property=\"og:image\" content=\"https:\/\/www.insectosmadera.com\/wp-content\/uploads\/2022\/01\/hongos-madera-y-pudricion.jpg\" \/>\n<meta name=\"twitter:card\" content=\"summary_large_image\" \/>\n<meta name=\"twitter:label1\" content=\"Tiempo de lectura\" \/>\n\t<meta name=\"twitter:data1\" content=\"2 minutos\" \/>\n<script type=\"application\/ld+json\" class=\"yoast-schema-graph\">{\"@context\":\"https:\\\/\\\/schema.org\",\"@graph\":[{\"@type\":\"WebPage\",\"@id\":\"https:\\\/\\\/www.insectosmadera.com\\\/?page_id=109\",\"url\":\"https:\\\/\\\/www.insectosmadera.com\\\/?page_id=109\",\"name\":\"Los Hongos - www.Insectosmadera.com\",\"isPartOf\":{\"@id\":\"https:\\\/\\\/www.insectosmadera.com\\\/#website\"},\"primaryImageOfPage\":{\"@id\":\"https:\\\/\\\/www.insectosmadera.com\\\/?page_id=109#primaryimage\"},\"image\":{\"@id\":\"https:\\\/\\\/www.insectosmadera.com\\\/?page_id=109#primaryimage\"},\"thumbnailUrl\":\"https:\\\/\\\/www.insectosmadera.com\\\/wp-content\\\/uploads\\\/2022\\\/01\\\/hongos-madera-y-pudricion.jpg\",\"datePublished\":\"2022-01-26T11:15:16+00:00\",\"dateModified\":\"2023-08-28T13:19:17+00:00\",\"description\":\"Los hongos de pudrici\u00f3n son aquellos que atacan la pared celular de la madera provocando la rotura y descomposici\u00f3n, se alimentan de la celulosa que hay en la madera.\",\"breadcrumb\":{\"@id\":\"https:\\\/\\\/www.insectosmadera.com\\\/?page_id=109#breadcrumb\"},\"inLanguage\":\"es\",\"potentialAction\":[{\"@type\":\"ReadAction\",\"target\":[\"https:\\\/\\\/www.insectosmadera.com\\\/?page_id=109\"]}]},{\"@type\":\"ImageObject\",\"inLanguage\":\"es\",\"@id\":\"https:\\\/\\\/www.insectosmadera.com\\\/?page_id=109#primaryimage\",\"url\":\"https:\\\/\\\/www.insectosmadera.com\\\/wp-content\\\/uploads\\\/2022\\\/01\\\/hongos-madera-y-pudricion.jpg\",\"contentUrl\":\"https:\\\/\\\/www.insectosmadera.com\\\/wp-content\\\/uploads\\\/2022\\\/01\\\/hongos-madera-y-pudricion.jpg\",\"width\":669,\"height\":446},{\"@type\":\"BreadcrumbList\",\"@id\":\"https:\\\/\\\/www.insectosmadera.com\\\/?page_id=109#breadcrumb\",\"itemListElement\":[{\"@type\":\"ListItem\",\"position\":1,\"name\":\"Portada\",\"item\":\"https:\\\/\\\/www.insectosmadera.com\\\/\"},{\"@type\":\"ListItem\",\"position\":2,\"name\":\"Los Hongos\"}]},{\"@type\":\"WebSite\",\"@id\":\"https:\\\/\\\/www.insectosmadera.com\\\/#website\",\"url\":\"https:\\\/\\\/www.insectosmadera.com\\\/\",\"name\":\"www.Insectosmadera.com\",\"description\":\"Eliminar Termitas y Carcomas de la madera\",\"publisher\":{\"@id\":\"https:\\\/\\\/www.insectosmadera.com\\\/#organization\"},\"potentialAction\":[{\"@type\":\"SearchAction\",\"target\":{\"@type\":\"EntryPoint\",\"urlTemplate\":\"https:\\\/\\\/www.insectosmadera.com\\\/?s={search_term_string}\"},\"query-input\":{\"@type\":\"PropertyValueSpecification\",\"valueRequired\":true,\"valueName\":\"search_term_string\"}}],\"inLanguage\":\"es\"},{\"@type\":\"Organization\",\"@id\":\"https:\\\/\\\/www.insectosmadera.com\\\/#organization\",\"name\":\"Radan Desintec.\",\"url\":\"https:\\\/\\\/www.insectosmadera.com\\\/\",\"logo\":{\"@type\":\"ImageObject\",\"inLanguage\":\"es\",\"@id\":\"https:\\\/\\\/www.insectosmadera.com\\\/#\\\/schema\\\/logo\\\/image\\\/\",\"url\":\"https:\\\/\\\/www.insectosmadera.com\\\/wp-content\\\/uploads\\\/2022\\\/04\\\/Radan-nou-logo-2016-x-150-x-150.jpg\",\"contentUrl\":\"https:\\\/\\\/www.insectosmadera.com\\\/wp-content\\\/uploads\\\/2022\\\/04\\\/Radan-nou-logo-2016-x-150-x-150.jpg\",\"width\":150,\"height\":150,\"caption\":\"Radan Desintec.\"},\"image\":{\"@id\":\"https:\\\/\\\/www.insectosmadera.com\\\/#\\\/schema\\\/logo\\\/image\\\/\"}}]}<\/script>\n<!-- \/ Yoast SEO plugin. -->","yoast_head_json":{"title":"Los Hongos - www.Insectosmadera.com","description":"Los hongos de pudrici\u00f3n son aquellos que atacan la pared celular de la madera provocando la rotura y descomposici\u00f3n, se alimentan de la celulosa que hay en la madera.","robots":{"index":"index","follow":"follow","max-snippet":"max-snippet:-1","max-image-preview":"max-image-preview:large","max-video-preview":"max-video-preview:-1"},"canonical":"https:\/\/www.insectosmadera.com\/?page_id=109","og_locale":"es_ES","og_type":"article","og_title":"Los Hongos - www.Insectosmadera.com","og_description":"Los hongos de pudrici\u00f3n son aquellos que atacan la pared celular de la madera provocando la rotura y descomposici\u00f3n, se alimentan de la celulosa que hay en la madera.","og_url":"https:\/\/www.insectosmadera.com\/?page_id=109","og_site_name":"www.Insectosmadera.com","article_modified_time":"2023-08-28T13:19:17+00:00","og_image":[{"url":"https:\/\/www.insectosmadera.com\/wp-content\/uploads\/2022\/01\/hongos-madera-y-pudricion.jpg","type":"","width":"","height":""}],"twitter_card":"summary_large_image","twitter_misc":{"Tiempo de lectura":"2 minutos"},"schema":{"@context":"https:\/\/schema.org","@graph":[{"@type":"WebPage","@id":"https:\/\/www.insectosmadera.com\/?page_id=109","url":"https:\/\/www.insectosmadera.com\/?page_id=109","name":"Los Hongos - www.Insectosmadera.com","isPartOf":{"@id":"https:\/\/www.insectosmadera.com\/#website"},"primaryImageOfPage":{"@id":"https:\/\/www.insectosmadera.com\/?page_id=109#primaryimage"},"image":{"@id":"https:\/\/www.insectosmadera.com\/?page_id=109#primaryimage"},"thumbnailUrl":"https:\/\/www.insectosmadera.com\/wp-content\/uploads\/2022\/01\/hongos-madera-y-pudricion.jpg","datePublished":"2022-01-26T11:15:16+00:00","dateModified":"2023-08-28T13:19:17+00:00","description":"Los hongos de pudrici\u00f3n son aquellos que atacan la pared celular de la madera provocando la rotura y descomposici\u00f3n, se alimentan de la celulosa que hay en la madera.","breadcrumb":{"@id":"https:\/\/www.insectosmadera.com\/?page_id=109#breadcrumb"},"inLanguage":"es","potentialAction":[{"@type":"ReadAction","target":["https:\/\/www.insectosmadera.com\/?page_id=109"]}]},{"@type":"ImageObject","inLanguage":"es","@id":"https:\/\/www.insectosmadera.com\/?page_id=109#primaryimage","url":"https:\/\/www.insectosmadera.com\/wp-content\/uploads\/2022\/01\/hongos-madera-y-pudricion.jpg","contentUrl":"https:\/\/www.insectosmadera.com\/wp-content\/uploads\/2022\/01\/hongos-madera-y-pudricion.jpg","width":669,"height":446},{"@type":"BreadcrumbList","@id":"https:\/\/www.insectosmadera.com\/?page_id=109#breadcrumb","itemListElement":[{"@type":"ListItem","position":1,"name":"Portada","item":"https:\/\/www.insectosmadera.com\/"},{"@type":"ListItem","position":2,"name":"Los Hongos"}]},{"@type":"WebSite","@id":"https:\/\/www.insectosmadera.com\/#website","url":"https:\/\/www.insectosmadera.com\/","name":"www.Insectosmadera.com","description":"Eliminar Termitas y Carcomas de la madera","publisher":{"@id":"https:\/\/www.insectosmadera.com\/#organization"},"potentialAction":[{"@type":"SearchAction","target":{"@type":"EntryPoint","urlTemplate":"https:\/\/www.insectosmadera.com\/?s={search_term_string}"},"query-input":{"@type":"PropertyValueSpecification","valueRequired":true,"valueName":"search_term_string"}}],"inLanguage":"es"},{"@type":"Organization","@id":"https:\/\/www.insectosmadera.com\/#organization","name":"Radan Desintec.","url":"https:\/\/www.insectosmadera.com\/","logo":{"@type":"ImageObject","inLanguage":"es","@id":"https:\/\/www.insectosmadera.com\/#\/schema\/logo\/image\/","url":"https:\/\/www.insectosmadera.com\/wp-content\/uploads\/2022\/04\/Radan-nou-logo-2016-x-150-x-150.jpg","contentUrl":"https:\/\/www.insectosmadera.com\/wp-content\/uploads\/2022\/04\/Radan-nou-logo-2016-x-150-x-150.jpg","width":150,"height":150,"caption":"Radan Desintec."},"image":{"@id":"https:\/\/www.insectosmadera.com\/#\/schema\/logo\/image\/"}}]}},"_links":{"self":[{"href":"https:\/\/www.insectosmadera.com\/index.php?rest_route=\/wp\/v2\/pages\/109","targetHints":{"allow":["GET"]}}],"collection":[{"href":"https:\/\/www.insectosmadera.com\/index.php?rest_route=\/wp\/v2\/pages"}],"about":[{"href":"https:\/\/www.insectosmadera.com\/index.php?rest_route=\/wp\/v2\/types\/page"}],"author":[{"embeddable":true,"href":"https:\/\/www.insectosmadera.com\/index.php?rest_route=\/wp\/v2\/users\/1"}],"replies":[{"embeddable":true,"href":"https:\/\/www.insectosmadera.com\/index.php?rest_route=%2Fwp%2Fv2%2Fcomments&post=109"}],"version-history":[{"count":43,"href":"https:\/\/www.insectosmadera.com\/index.php?rest_route=\/wp\/v2\/pages\/109\/revisions"}],"predecessor-version":[{"id":458,"href":"https:\/\/www.insectosmadera.com\/index.php?rest_route=\/wp\/v2\/pages\/109\/revisions\/458"}],"wp:attachment":[{"href":"https:\/\/www.insectosmadera.com\/index.php?rest_route=%2Fwp%2Fv2%2Fmedia&parent=109"}],"curies":[{"name":"wp","href":"https:\/\/api.w.org\/{rel}","templated":true}]}}