{"id":490,"date":"2023-09-13T09:12:41","date_gmt":"2023-09-13T09:12:41","guid":{"rendered":"https:\/\/www.insectosmadera.com\/?page_id=490"},"modified":"2023-09-13T09:15:03","modified_gmt":"2023-09-13T09:15:03","slug":"nosotros","status":"publish","type":"page","link":"https:\/\/www.insectosmadera.com\/?page_id=490","title":{"rendered":"Nosotros"},"content":{"rendered":"\t\t<div data-elementor-type=\"wp-page\" data-elementor-id=\"490\" class=\"elementor elementor-490\">\n\t\t\t\t\t\t<section class=\"elementor-section elementor-top-section elementor-element elementor-element-ed7da57 elementor-section-boxed elementor-section-height-default elementor-section-height-default\" data-id=\"ed7da57\" data-element_type=\"section\" data-e-type=\"section\">\n\t\t\t\t\t\t<div class=\"elementor-container elementor-column-gap-default\">\n\t\t\t\t\t<div class=\"elementor-column elementor-col-100 elementor-top-column elementor-element elementor-element-56bbf5c\" data-id=\"56bbf5c\" data-element_type=\"column\" data-e-type=\"column\">\n\t\t\t<div class=\"elementor-widget-wrap elementor-element-populated\">\n\t\t\t\t\t\t<div class=\"elementor-element elementor-element-20180b8 elementor-widget elementor-widget-text-editor\" data-id=\"20180b8\" data-element_type=\"widget\" data-e-type=\"widget\" data-widget_type=\"text-editor.default\">\n\t\t\t\t<div class=\"elementor-widget-container\">\n\t\t\t\t\t\t\t\t\t<p><strong>Radan Desintec<\/strong>, M\u00e1s de 50 a\u00f1os en el sector a su Servicio, dedicada al Control de Plagas (DDD) y la sanidad vegetal (P\u00fablica, forestal y privada), est\u00e1 considerada una de las m\u00e1s veteranas dentro del sector nuestros t\u00e9cnicos tienen experiencia contrastada.\u00a0 Fundada en 1967 por Juan Guilera Soler\u00a0 a partir de entonces ha ido creciendo sosteniblemente con el esfuerzo diario y tenaz de un gran equipo de profesionales, incorporando nuevos servicios demandados por el propio cliente y las caracter\u00edsticas de nuestro sector.<\/p><p><strong>EMPRESA:<\/strong><\/p><p>Registrada en la Ag\u00e8ncia de Salut P\u00fablica con el N\u00fam. B-0026CAT-SB<\/p><p><strong>T\u00c9CNICOS:<\/strong><\/p><p>Bi\u00f3logos de campo<\/p><p>Asesor en control integrado de plagas (Fitosanitario)<\/p><p>Personal que disponen del Certificado de profesionalidad control de agentes nocivos o en su defecto el Carnet de aplicador en Tratamientos de Control de Plagues de uso Ambiental.<\/p><p>Cursos homologados de formaci\u00f3n para el mantenimiento de instalaciones de riesgo contra la Legionella y sus correspondientes renovaciones<\/p><p>Carnets Fitosanitario (cualificados y b\u00e1sicos)\u00a0<\/p><p>Carnets TP8 \u2013 Control de xil\u00f3fagos en madera (Cualificados y b\u00e1sicos)<\/p><p><strong>ASOCIACIONES:<\/strong><\/p><p>Somos miembros de ADEPAP (Asociaci\u00f3n de Empresas de Control de Plagas de Catalu\u00f1a) que agrupa las empresas del sector, la NPMA (National Pest Management Association de los EEUU), APEVC (Agrupa a responsables de Jardines Municipales en Catalu\u00f1a) y AEA (Asociaci\u00f3n Espa\u00f1ola de Arboricultura).<\/p>\t\t\t\t\t\t\t\t<\/div>\n\t\t\t\t<\/div>\n\t\t\t\t\t<\/div>\n\t\t<\/div>\n\t\t\t\t\t<\/div>\n\t\t<\/section>\n\t\t\t\t<\/div>\n\t\t","protected":false},"excerpt":{"rendered":"<p>Radan Desintec, M\u00e1s de 50 a\u00f1os en el sector a su Servicio, dedicada al Control de Plagas (DDD) y la sanidad vegetal (P\u00fablica, forestal y privada), est\u00e1 considerada una de las m\u00e1s veteranas dentro del sector nuestros t\u00e9cnicos tienen experiencia contrastada.\u00a0 Fundada en 1967 por Juan Guilera Soler\u00a0 a partir de entonces ha ido creciendo [&hellip;]<\/p>\n","protected":false},"author":1,"featured_media":0,"parent":0,"menu_order":0,"comment_status":"closed","ping_status":"closed","template":"","meta":{"footnotes":""},"class_list":["post-490","page","type-page","status-publish","hentry"],"yoast_head":"<!-- This site is optimized with the Yoast SEO plugin v27.3 - https:\/\/yoast.com\/product\/yoast-seo-wordpress\/ -->\n<title>Nosotros - www.Insectosmadera.com<\/title>\n<meta name=\"robots\" content=\"index, follow, max-snippet:-1, max-image-preview:large, max-video-preview:-1\" \/>\n<link rel=\"canonical\" href=\"https:\/\/www.insectosmadera.com\/?page_id=490\" \/>\n<meta property=\"og:locale\" content=\"es_ES\" \/>\n<meta property=\"og:type\" content=\"article\" \/>\n<meta property=\"og:title\" content=\"Nosotros - www.Insectosmadera.com\" \/>\n<meta property=\"og:description\" content=\"Radan Desintec, M\u00e1s de 50 a\u00f1os en el sector a su Servicio, dedicada al Control de Plagas (DDD) y la sanidad vegetal (P\u00fablica, forestal y privada), est\u00e1 considerada una de las m\u00e1s veteranas dentro del sector nuestros t\u00e9cnicos tienen experiencia contrastada.\u00a0 Fundada en 1967 por Juan Guilera Soler\u00a0 a partir de entonces ha ido creciendo [&hellip;]\" \/>\n<meta property=\"og:url\" content=\"https:\/\/www.insectosmadera.com\/?page_id=490\" \/>\n<meta property=\"og:site_name\" content=\"www.Insectosmadera.com\" \/>\n<meta property=\"article:modified_time\" content=\"2023-09-13T09:15:03+00:00\" \/>\n<meta name=\"twitter:card\" content=\"summary_large_image\" \/>\n<meta name=\"twitter:label1\" content=\"Tiempo de lectura\" \/>\n\t<meta name=\"twitter:data1\" content=\"1 minuto\" \/>\n<script type=\"application\/ld+json\" class=\"yoast-schema-graph\">{\"@context\":\"https:\\\/\\\/schema.org\",\"@graph\":[{\"@type\":\"WebPage\",\"@id\":\"https:\\\/\\\/www.insectosmadera.com\\\/?page_id=490\",\"url\":\"https:\\\/\\\/www.insectosmadera.com\\\/?page_id=490\",\"name\":\"Nosotros - www.Insectosmadera.com\",\"isPartOf\":{\"@id\":\"https:\\\/\\\/www.insectosmadera.com\\\/#website\"},\"datePublished\":\"2023-09-13T09:12:41+00:00\",\"dateModified\":\"2023-09-13T09:15:03+00:00\",\"breadcrumb\":{\"@id\":\"https:\\\/\\\/www.insectosmadera.com\\\/?page_id=490#breadcrumb\"},\"inLanguage\":\"es\",\"potentialAction\":[{\"@type\":\"ReadAction\",\"target\":[\"https:\\\/\\\/www.insectosmadera.com\\\/?page_id=490\"]}]},{\"@type\":\"BreadcrumbList\",\"@id\":\"https:\\\/\\\/www.insectosmadera.com\\\/?page_id=490#breadcrumb\",\"itemListElement\":[{\"@type\":\"ListItem\",\"position\":1,\"name\":\"Portada\",\"item\":\"https:\\\/\\\/www.insectosmadera.com\\\/\"},{\"@type\":\"ListItem\",\"position\":2,\"name\":\"Nosotros\"}]},{\"@type\":\"WebSite\",\"@id\":\"https:\\\/\\\/www.insectosmadera.com\\\/#website\",\"url\":\"https:\\\/\\\/www.insectosmadera.com\\\/\",\"name\":\"www.Insectosmadera.com\",\"description\":\"Eliminar Termitas y Carcomas de la madera\",\"publisher\":{\"@id\":\"https:\\\/\\\/www.insectosmadera.com\\\/#organization\"},\"potentialAction\":[{\"@type\":\"SearchAction\",\"target\":{\"@type\":\"EntryPoint\",\"urlTemplate\":\"https:\\\/\\\/www.insectosmadera.com\\\/?s={search_term_string}\"},\"query-input\":{\"@type\":\"PropertyValueSpecification\",\"valueRequired\":true,\"valueName\":\"search_term_string\"}}],\"inLanguage\":\"es\"},{\"@type\":\"Organization\",\"@id\":\"https:\\\/\\\/www.insectosmadera.com\\\/#organization\",\"name\":\"Radan Desintec.\",\"url\":\"https:\\\/\\\/www.insectosmadera.com\\\/\",\"logo\":{\"@type\":\"ImageObject\",\"inLanguage\":\"es\",\"@id\":\"https:\\\/\\\/www.insectosmadera.com\\\/#\\\/schema\\\/logo\\\/image\\\/\",\"url\":\"https:\\\/\\\/www.insectosmadera.com\\\/wp-content\\\/uploads\\\/2022\\\/04\\\/Radan-nou-logo-2016-x-150-x-150.jpg\",\"contentUrl\":\"https:\\\/\\\/www.insectosmadera.com\\\/wp-content\\\/uploads\\\/2022\\\/04\\\/Radan-nou-logo-2016-x-150-x-150.jpg\",\"width\":150,\"height\":150,\"caption\":\"Radan Desintec.\"},\"image\":{\"@id\":\"https:\\\/\\\/www.insectosmadera.com\\\/#\\\/schema\\\/logo\\\/image\\\/\"}}]}<\/script>\n<!-- \/ Yoast SEO plugin. -->","yoast_head_json":{"title":"Nosotros - www.Insectosmadera.com","robots":{"index":"index","follow":"follow","max-snippet":"max-snippet:-1","max-image-preview":"max-image-preview:large","max-video-preview":"max-video-preview:-1"},"canonical":"https:\/\/www.insectosmadera.com\/?page_id=490","og_locale":"es_ES","og_type":"article","og_title":"Nosotros - www.Insectosmadera.com","og_description":"Radan Desintec, M\u00e1s de 50 a\u00f1os en el sector a su Servicio, dedicada al Control de Plagas (DDD) y la sanidad vegetal (P\u00fablica, forestal y privada), est\u00e1 considerada una de las m\u00e1s veteranas dentro del sector nuestros t\u00e9cnicos tienen experiencia contrastada.\u00a0 Fundada en 1967 por Juan Guilera Soler\u00a0 a partir de entonces ha ido creciendo [&hellip;]","og_url":"https:\/\/www.insectosmadera.com\/?page_id=490","og_site_name":"www.Insectosmadera.com","article_modified_time":"2023-09-13T09:15:03+00:00","twitter_card":"summary_large_image","twitter_misc":{"Tiempo de lectura":"1 minuto"},"schema":{"@context":"https:\/\/schema.org","@graph":[{"@type":"WebPage","@id":"https:\/\/www.insectosmadera.com\/?page_id=490","url":"https:\/\/www.insectosmadera.com\/?page_id=490","name":"Nosotros - www.Insectosmadera.com","isPartOf":{"@id":"https:\/\/www.insectosmadera.com\/#website"},"datePublished":"2023-09-13T09:12:41+00:00","dateModified":"2023-09-13T09:15:03+00:00","breadcrumb":{"@id":"https:\/\/www.insectosmadera.com\/?page_id=490#breadcrumb"},"inLanguage":"es","potentialAction":[{"@type":"ReadAction","target":["https:\/\/www.insectosmadera.com\/?page_id=490"]}]},{"@type":"BreadcrumbList","@id":"https:\/\/www.insectosmadera.com\/?page_id=490#breadcrumb","itemListElement":[{"@type":"ListItem","position":1,"name":"Portada","item":"https:\/\/www.insectosmadera.com\/"},{"@type":"ListItem","position":2,"name":"Nosotros"}]},{"@type":"WebSite","@id":"https:\/\/www.insectosmadera.com\/#website","url":"https:\/\/www.insectosmadera.com\/","name":"www.Insectosmadera.com","description":"Eliminar Termitas y Carcomas de la madera","publisher":{"@id":"https:\/\/www.insectosmadera.com\/#organization"},"potentialAction":[{"@type":"SearchAction","target":{"@type":"EntryPoint","urlTemplate":"https:\/\/www.insectosmadera.com\/?s={search_term_string}"},"query-input":{"@type":"PropertyValueSpecification","valueRequired":true,"valueName":"search_term_string"}}],"inLanguage":"es"},{"@type":"Organization","@id":"https:\/\/www.insectosmadera.com\/#organization","name":"Radan Desintec.","url":"https:\/\/www.insectosmadera.com\/","logo":{"@type":"ImageObject","inLanguage":"es","@id":"https:\/\/www.insectosmadera.com\/#\/schema\/logo\/image\/","url":"https:\/\/www.insectosmadera.com\/wp-content\/uploads\/2022\/04\/Radan-nou-logo-2016-x-150-x-150.jpg","contentUrl":"https:\/\/www.insectosmadera.com\/wp-content\/uploads\/2022\/04\/Radan-nou-logo-2016-x-150-x-150.jpg","width":150,"height":150,"caption":"Radan Desintec."},"image":{"@id":"https:\/\/www.insectosmadera.com\/#\/schema\/logo\/image\/"}}]}},"_links":{"self":[{"href":"https:\/\/www.insectosmadera.com\/index.php?rest_route=\/wp\/v2\/pages\/490","targetHints":{"allow":["GET"]}}],"collection":[{"href":"https:\/\/www.insectosmadera.com\/index.php?rest_route=\/wp\/v2\/pages"}],"about":[{"href":"https:\/\/www.insectosmadera.com\/index.php?rest_route=\/wp\/v2\/types\/page"}],"author":[{"embeddable":true,"href":"https:\/\/www.insectosmadera.com\/index.php?rest_route=\/wp\/v2\/users\/1"}],"replies":[{"embeddable":true,"href":"https:\/\/www.insectosmadera.com\/index.php?rest_route=%2Fwp%2Fv2%2Fcomments&post=490"}],"version-history":[{"count":3,"href":"https:\/\/www.insectosmadera.com\/index.php?rest_route=\/wp\/v2\/pages\/490\/revisions"}],"predecessor-version":[{"id":493,"href":"https:\/\/www.insectosmadera.com\/index.php?rest_route=\/wp\/v2\/pages\/490\/revisions\/493"}],"wp:attachment":[{"href":"https:\/\/www.insectosmadera.com\/index.php?rest_route=%2Fwp%2Fv2%2Fmedia&parent=490"}],"curies":[{"name":"wp","href":"https:\/\/api.w.org\/{rel}","templated":true}]}}